{"id":409,"date":"2021-07-24T10:47:42","date_gmt":"2021-07-24T08:47:42","guid":{"rendered":"http:\/\/vangoghparis.com\/?page_id=409"},"modified":"2025-03-06T11:10:33","modified_gmt":"2025-03-06T10:10:33","slug":"accueil","status":"publish","type":"page","link":"https:\/\/vangoghparis.com\/fr\/","title":{"rendered":"Accueil"},"content":{"rendered":"<p>[et_pb_section fb_built=\u00a0\u00bb1&Prime; _builder_version=\u00a0\u00bb4.16&Prime; _module_preset=\u00a0\u00bbdefault\u00a0\u00bb width=\u00a0\u00bb90%\u00a0\u00bb module_alignment=\u00a0\u00bbcenter\u00a0\u00bb custom_margin=\u00a0\u00bb-80px||0px||false|false\u00a0\u00bb global_colors_info=\u00a0\u00bb{}\u00a0\u00bb][et_pb_row use_custom_gutter=\u00a0\u00bbon\u00a0\u00bb gutter_width=\u00a0\u00bb1&Prime; _builder_version=\u00a0\u00bb4.16&Prime; _module_preset=\u00a0\u00bbdefault\u00a0\u00bb width=\u00a0\u00bb100%\u00a0\u00bb max_width=\u00a0\u00bb1800px\u00a0\u00bb module_alignment=\u00a0\u00bbcenter\u00a0\u00bb global_colors_info=\u00a0\u00bb{}\u00a0\u00bb][et_pb_column type=\u00a0\u00bb4_4&Prime; _builder_version=\u00a0\u00bb4.16&Prime; _module_preset=\u00a0\u00bbdefault\u00a0\u00bb global_colors_info=\u00a0\u00bb{}\u00a0\u00bb][et_pb_image src=\u00a0\u00bbhttps:\/\/vangoghparis.com\/wp-content\/uploads\/2021\/07\/20210525_Mail-CSS_Logo_VGVG_blkred_text.png\u00a0\u00bb title_text=\u00a0\u00bb20210525_Mail-CSS_Logo_Boussod-Valadon_wht\u00a0\u00bb force_fullwidth=\u00a0\u00bbon\u00a0\u00bb _builder_version=\u00a0\u00bb4.16&Prime; _module_preset=\u00a0\u00bbdefault\u00a0\u00bb background_color=\u00a0\u00bbrgba(224,214,201,0.39)\u00a0\u00bb background_image=\u00a0\u00bbhttps:\/\/vangoghparis.com\/wp-content\/uploads\/2021\/07\/20210525_Mail-CSS_Logo_Boussod-Valadon_wht.png\u00a0\u00bb background_size=\u00a0\u00bbcontain\u00a0\u00bb global_colors_info=\u00a0\u00bb{}\u00a0\u00bb][\/et_pb_image][et_pb_text _builder_version=\u00a0\u00bb4.16&Prime; _module_preset=\u00a0\u00bb8577b93c-3c03-4023-9632-fcdc1cc38baf\u00a0\u00bb custom_margin=\u00a0\u00bb10px||0px||false|false\u00a0\u00bb global_colors_info=\u00a0\u00bb{}\u00a0\u00bb]<\/p>\n<h1 style=\"text-align: center;\">&#8211; successeurs de Boussod, Valadon &amp; Cie &#8211;<\/h1>\n<p>[\/et_pb_text][\/et_pb_column][\/et_pb_row][et_pb_row _builder_version=\u00a0\u00bb4.16&Prime; _module_preset=\u00a0\u00bbdefault\u00a0\u00bb custom_margin=\u00a0\u00bb-20px||-20px||false|false\u00a0\u00bb global_colors_info=\u00a0\u00bb{}\u00a0\u00bb][et_pb_column type=\u00a0\u00bb4_4&Prime; _builder_version=\u00a0\u00bb4.16&Prime; _module_preset=\u00a0\u00bbdefault\u00a0\u00bb global_colors_info=\u00a0\u00bb{}\u00a0\u00bb][et_pb_divider _builder_version=\u00a0\u00bb4.16&Prime; _module_preset=\u00a0\u00bbdefault\u00a0\u00bb global_colors_info=\u00a0\u00bb{}\u00a0\u00bb][\/et_pb_divider][\/et_pb_column][\/et_pb_row][et_pb_row _builder_version=\u00a0\u00bb4.19.0&Prime; _module_preset=\u00a0\u00bbdefault\u00a0\u00bb global_colors_info=\u00a0\u00bb{}\u00a0\u00bb][et_pb_column type=\u00a0\u00bb4_4&Prime; _builder_version=\u00a0\u00bb4.19.0&Prime; _module_preset=\u00a0\u00bbdefault\u00a0\u00bb global_colors_info=\u00a0\u00bb{}\u00a0\u00bb][et_pb_text _builder_version=\u00a0\u00bb4.19.0&Prime; _module_preset=\u00a0\u00bbdefault\u00a0\u00bb global_colors_info=\u00a0\u00bb{}\u00a0\u00bb]<\/p>\n<p>Pour accompagner son d\u00e9veloppement, Van Gogh &amp; VAN GOGH a conclu un partenariat avec la Van Gogh Academy, bas\u00e9e \u00e0 Auvers-sur-Oise. Rendez-vous sur <a href=\"http:\/\/www.academy.vg\">www.academy.vg<\/a> \u00a0<\/p>\n<p>[\/et_pb_text][\/et_pb_column][\/et_pb_row][et_pb_row use_custom_gutter=\u00a0\u00bbon\u00a0\u00bb make_equal=\u00a0\u00bbon\u00a0\u00bb _builder_version=\u00a0\u00bb4.21.0&Prime; _module_preset=\u00a0\u00bbdefault\u00a0\u00bb background_color=\u00a0\u00bb#FFFFFF\u00a0\u00bb width=\u00a0\u00bb100%\u00a0\u00bb max_width=\u00a0\u00bb1800px\u00a0\u00bb module_alignment=\u00a0\u00bbcenter\u00a0\u00bb custom_margin=\u00a0\u00bb|10px|0px|10px|false|false\u00a0\u00bb custom_padding=\u00a0\u00bb0px|25px|0px|25px|false|true\u00a0\u00bb hover_enabled=\u00a0\u00bb0&Prime; global_colors_info=\u00a0\u00bb{}\u00a0\u00bb sticky_enabled=\u00a0\u00bb0&Prime;][et_pb_column type=\u00a0\u00bb4_4&Prime; _builder_version=\u00a0\u00bb4.16&Prime; _module_preset=\u00a0\u00bbdefault\u00a0\u00bb global_colors_info=\u00a0\u00bb{}\u00a0\u00bb][et_pb_text _builder_version=\u00a0\u00bb4.16&Prime; _module_preset=\u00a0\u00bb8577b93c-3c03-4023-9632-fcdc1cc38baf\u00a0\u00bb global_colors_info=\u00a0\u00bb{}\u00a0\u00bb]<\/p>\n<h2 style=\"text-align: center;\">Expertise<\/h2>\n<p style=\"text-align: center;\">Deux d\u00e9cennies d&rsquo;exp\u00e9rience de recherche et documentation &amp; un vaste r\u00e9seau d&rsquo;experts pour fournir les conseils historiques du plus haut niveau possible en relation avec Van Gogh.<\/p>\n<p>[\/et_pb_text][et_pb_image src=\u00a0\u00bbhttps:\/\/vangoghparis.com\/wp-content\/uploads\/2021\/07\/DSC5986-Web.jpg\u00a0\u00bb title_text=\u00a0\u00bb_DSC5986-Web\u00a0\u00bb url=\u00a0\u00bbhttps:\/\/vangoghparis.com\/expertise\/\u00a0\u00bb align=\u00a0\u00bbcenter\u00a0\u00bb _builder_version=\u00a0\u00bb4.16&Prime; _module_preset=\u00a0\u00bbdefault\u00a0\u00bb max_height=\u00a0\u00bb250px\u00a0\u00bb border_radii=\u00a0\u00bbon|5px|5px|5px|5px\u00a0\u00bb box_shadow_style=\u00a0\u00bbpreset1&Prime; global_colors_info=\u00a0\u00bb{}\u00a0\u00bb][\/et_pb_image][\/et_pb_column][\/et_pb_row][\/et_pb_section][et_pb_section fb_built=\u00a0\u00bb1&Prime; use_custom_gutter=\u00a0\u00bbon\u00a0\u00bb gutter_width=\u00a0\u00bb2&Prime; specialty=\u00a0\u00bbon\u00a0\u00bb _builder_version=\u00a0\u00bb4.16&Prime; _module_preset=\u00a0\u00bbdefault\u00a0\u00bb background_color=\u00a0\u00bb#7d0000&Prime; module_alignment=\u00a0\u00bbcenter\u00a0\u00bb inner_max_width=\u00a0\u00bb1600px\u00a0\u00bb global_colors_info=\u00a0\u00bb{}\u00a0\u00bb][et_pb_column type=\u00a0\u00bb1_2&Prime; _builder_version=\u00a0\u00bb4.16&Prime; custom_padding=\u00a0\u00bb|||\u00a0\u00bb global_colors_info=\u00a0\u00bb{}\u00a0\u00bb custom_padding__hover=\u00a0\u00bb|||\u00a0\u00bb][et_pb_text _builder_version=\u00a0\u00bb4.16&Prime; _module_preset=\u00a0\u00bbdefault\u00a0\u00bb background_color=\u00a0\u00bb#7d0000&Prime; text_orientation=\u00a0\u00bbcenter\u00a0\u00bb module_alignment=\u00a0\u00bbcenter\u00a0\u00bb global_colors_info=\u00a0\u00bb{}\u00a0\u00bb]<\/p>\n<h1><span style=\"color: #ffffff;\">Nos Missions<\/span><\/h1>\n<p>[\/et_pb_text][\/et_pb_column][et_pb_column type=\u00a0\u00bb1_2&Prime; specialty_columns=\u00a0\u00bb2&Prime; _builder_version=\u00a0\u00bb4.16&Prime; custom_padding=\u00a0\u00bb|||\u00a0\u00bb global_colors_info=\u00a0\u00bb{}\u00a0\u00bb custom_padding__hover=\u00a0\u00bb|||\u00a0\u00bb][et_pb_row_inner column_structure=\u00a0\u00bb1_3,1_3,1_3&Prime; use_custom_gutter=\u00a0\u00bbon\u00a0\u00bb _builder_version=\u00a0\u00bb4.16&Prime; _module_preset=\u00a0\u00bbdefault\u00a0\u00bb max_width=\u00a0\u00bb100%\u00a0\u00bb global_colors_info=\u00a0\u00bb{}\u00a0\u00bb][et_pb_column_inner type=\u00a0\u00bb1_3&Prime; saved_specialty_column_type=\u00a0\u00bb1_2&Prime; _builder_version=\u00a0\u00bb4.16&Prime; _module_preset=\u00a0\u00bbdefault\u00a0\u00bb global_colors_info=\u00a0\u00bb{}\u00a0\u00bb][et_pb_text _builder_version=\u00a0\u00bb4.16&Prime; _module_preset=\u00a0\u00bb6c06ea50-4472-4fe0-bf3d-ea0612a091bf\u00a0\u00bb global_colors_info=\u00a0\u00bb{}\u00a0\u00bb]<\/p>\n<p><span style=\"color: #ffffff;\">L&rsquo;\u00e9tablissement d&rsquo;une galerie historique, immersive, au c\u0153ur d&rsquo;une capitale europ\u00e9enne, avec une mise en avant particuli\u00e8re des artistes vivants.<\/span><\/p>\n<p>[\/et_pb_text][\/et_pb_column_inner][et_pb_column_inner type=\u00a0\u00bb1_3&Prime; saved_specialty_column_type=\u00a0\u00bb1_2&Prime; _builder_version=\u00a0\u00bb4.16&Prime; _module_preset=\u00a0\u00bbdefault\u00a0\u00bb global_colors_info=\u00a0\u00bb{}\u00a0\u00bb][et_pb_text _builder_version=\u00a0\u00bb4.16&Prime; _module_preset=\u00a0\u00bb6c06ea50-4472-4fe0-bf3d-ea0612a091bf\u00a0\u00bb global_colors_info=\u00a0\u00bb{}\u00a0\u00bb]<\/p>\n<p><span style=\"color: #ffffff;\">La gestion et l&rsquo;exploitation d&rsquo;une collection ouverte &amp; dynamique d&rsquo;oeuvres &amp; de documents li\u00e9s \u00e0 la m\u00e9moire des fr\u00e8res\u00a0 Van Gogh.<\/span><\/p>\n<p>[\/et_pb_text][\/et_pb_column_inner][et_pb_column_inner type=\u00a0\u00bb1_3&Prime; saved_specialty_column_type=\u00a0\u00bb1_2&Prime; _builder_version=\u00a0\u00bb4.16&Prime; _module_preset=\u00a0\u00bbdefault\u00a0\u00bb global_colors_info=\u00a0\u00bb{}\u00a0\u00bb][et_pb_text _builder_version=\u00a0\u00bb4.16&Prime; _module_preset=\u00a0\u00bb6c06ea50-4472-4fe0-bf3d-ea0612a091bf\u00a0\u00bb global_colors_info=\u00a0\u00bb{}\u00a0\u00bb]<\/p>\n<p><span style=\"color: #ffffff;\">La pr\u00e9servation &amp; la reconstruction num\u00e9rique de lieux de m\u00e9moire &amp; de monuments historiques li\u00e9s \u00e0 l&rsquo;h\u00e9ritage de Van Gogh.<\/span><\/p>\n<p>[\/et_pb_text][\/et_pb_column_inner][\/et_pb_row_inner][\/et_pb_column][\/et_pb_section]<\/p>\n","protected":false},"excerpt":{"rendered":"<p>&#8211; successeurs de Boussod, Valadon &amp; Cie -Pour accompagner son d\u00e9veloppement, Van Gogh &amp; VAN GOGH a conclu un partenariat avec la Van Gogh Academy, bas\u00e9e \u00e0 Auvers-sur-Oise. Rendez-vous sur www.academy.vg \u00a0Expertise Deux d\u00e9cennies d&rsquo;exp\u00e9rience de recherche et documentation &amp; un vaste r\u00e9seau d&rsquo;experts pour fournir les conseils historiques du plus haut niveau possible en [&hellip;]<\/p>\n","protected":false},"author":1,"featured_media":0,"parent":0,"menu_order":0,"comment_status":"closed","ping_status":"closed","template":"","meta":{"_et_pb_use_builder":"on","_et_pb_old_content":"[et_pb_section fb_built=\"1\" _builder_version=\"4.9.4\" _module_preset=\"default\" width=\"90%\" module_alignment=\"center\" custom_margin=\"-80px||0px||false|false\"][et_pb_row use_custom_gutter=\"on\" gutter_width=\"1\" _builder_version=\"4.9.4\" _module_preset=\"default\" width=\"100%\" max_width=\"1800px\" module_alignment=\"center\"][et_pb_column type=\"4_4\" _builder_version=\"4.9.4\" _module_preset=\"default\"][et_pb_image src=\"http:\/\/vangoghparis.com\/wp-content\/uploads\/2021\/06\/20210525_Mail-CSS_Logo_VGVG_blkred_text.png\" title_text=\"20210525_Mail-CSS_Logo_Boussod-Valadon_wht\" force_fullwidth=\"on\" _builder_version=\"4.9.4\" _module_preset=\"default\" background_color=\"rgba(224,214,201,0.39)\" background_image=\"http:\/\/vangoghparis.com\/wp-content\/uploads\/2021\/06\/20210525_Mail-CSS_Logo_Boussod-Valadon_wht.png\" background_size=\"contain\"][\/et_pb_image][et_pb_text _builder_version=\"4.9.4\" _module_preset=\"8577b93c-3c03-4023-9632-fcdc1cc38baf\" custom_margin=\"10px||0px||false|false\"]\n<h1 style=\"text-align: center;\">- successeurs de Boussod, Valadon &amp; Cie -<\/h1>\n[\/et_pb_text][\/et_pb_column][\/et_pb_row][et_pb_row use_custom_gutter=\"on\" gutter_width=\"1\" _builder_version=\"4.9.4\" _module_preset=\"default\" width=\"100%\" max_width=\"1800px\" custom_margin=\"-40px||||false|false\"][et_pb_column type=\"4_4\" _builder_version=\"4.9.4\" _module_preset=\"default\"][et_pb_button button_url=\"http:\/\/vangoghparis.com\/history\/\" button_text=\"Our History\" button_alignment=\"center\" _builder_version=\"4.9.4\" _module_preset=\"default\" custom_button=\"on\" button_text_color=\"#9d0000\" button_bg_color=\"#FFFFFF\" button_border_width=\"1px\" box_shadow_style=\"preset1\"][\/et_pb_button][\/et_pb_column][\/et_pb_row][et_pb_row _builder_version=\"4.9.4\" _module_preset=\"default\" custom_margin=\"-20px||-20px||false|false\"][et_pb_column type=\"4_4\" _builder_version=\"4.9.4\" _module_preset=\"default\"][et_pb_divider _builder_version=\"4.9.4\" _module_preset=\"default\"][\/et_pb_divider][\/et_pb_column][\/et_pb_row][et_pb_row column_structure=\"1_3,1_3,1_3\" use_custom_gutter=\"on\" make_equal=\"on\" _builder_version=\"4.9.4\" _module_preset=\"default\" background_color=\"#FFFFFF\" width=\"100%\" max_width=\"1800px\" module_alignment=\"center\" custom_margin=\"|10px|0px|10px|false|false\" custom_padding=\"0px|25px|0px|25px|false|true\"][et_pb_column type=\"1_3\" _builder_version=\"4.9.4\" _module_preset=\"default\"][et_pb_text _builder_version=\"4.9.4\" _module_preset=\"8577b93c-3c03-4023-9632-fcdc1cc38baf\"]\n<h2 style=\"text-align: center;\">Non Fungible Tokens<\/h2>\n<p style=\"text-align: center;\">World's First NFTs dedicated to Vincent and Theo's legacy, crafted and guaranteed by their own art gallery in exclusive partnership with Divenci Inc.<\/p>\n[\/et_pb_text][et_pb_image src=\"http:\/\/vangoghparis.com\/wp-content\/uploads\/2021\/07\/20210701_Mockup-Stars_01-scaled.jpg\" title_text=\"Square business cards\" url=\"http:\/\/vangoghparis.com\/non-fungible-tokens\/\" align=\"center\" _builder_version=\"4.9.4\" _module_preset=\"default\" module_alignment=\"center\" max_height=\"250px\" border_radii=\"on|5px|5px|5px|5px\" box_shadow_style=\"preset1\"][\/et_pb_image][\/et_pb_column][et_pb_column type=\"1_3\" _builder_version=\"4.9.4\" _module_preset=\"default\"][et_pb_text _builder_version=\"4.9.4\" _module_preset=\"8577b93c-3c03-4023-9632-fcdc1cc38baf\" max_width=\"80%\" module_alignment=\"center\"]\n<h2 style=\"text-align: center;\">Art, Books &amp; Prints<\/h2>\n<p style=\"text-align: center;\">High-end works of art, prints, books, brochures, historical documents and masterpieces. We buy, sell and act as intermediaries.<\/p>\n[\/et_pb_text][et_pb_image src=\"http:\/\/vangoghparis.com\/wp-content\/uploads\/2021\/06\/20210413_Racines-Livre_FR.jpg\" title_text=\"20210413_Racines-Livre_FR\" url=\"http:\/\/vangoghparis.com\/art-reproductions\/\" align=\"center\" _builder_version=\"4.9.4\" _module_preset=\"default\" module_alignment=\"center\" max_height=\"250px\" border_radii=\"on|5px|5px|5px|5px\" box_shadow_style=\"preset1\"][\/et_pb_image][\/et_pb_column][et_pb_column type=\"1_3\" _builder_version=\"4.9.4\" _module_preset=\"default\"][et_pb_text _builder_version=\"4.9.4\" _module_preset=\"8577b93c-3c03-4023-9632-fcdc1cc38baf\"]\n<h2 style=\"text-align: center;\">Expertise<\/h2>\n<p style=\"text-align: center;\">Two decades of extensive academic experience and a great network allow us to provide our clients with the best historical advice on subjects related to Van Gogh.<\/p>\n[\/et_pb_text][et_pb_image src=\"http:\/\/vangoghparis.com\/wp-content\/uploads\/2021\/06\/DSC5986-Web.jpg\" title_text=\"_DSC5986-Web\" url=\"http:\/\/vangoghparis.com\/expertise\/\" align=\"center\" _builder_version=\"4.9.4\" _module_preset=\"default\" max_height=\"250px\" border_radii=\"on|5px|5px|5px|5px\" box_shadow_style=\"preset1\"][\/et_pb_image][\/et_pb_column][\/et_pb_row][\/et_pb_section][et_pb_section fb_built=\"1\" use_custom_gutter=\"on\" gutter_width=\"2\" specialty=\"on\" _builder_version=\"4.9.9\" _module_preset=\"default\" module_alignment=\"center\" hover_enabled=\"0\" inner_max_width=\"1600px\" sticky_enabled=\"0\"][et_pb_column type=\"1_2\" _builder_version=\"3.25\" custom_padding=\"|||\" custom_padding__hover=\"|||\"][et_pb_text _builder_version=\"4.9.9\" _module_preset=\"default\" hover_enabled=\"0\" module_alignment=\"center\" text_orientation=\"center\" sticky_enabled=\"0\"]\n<h1>Our Missions<\/h1>\n[\/et_pb_text][\/et_pb_column][et_pb_column type=\"1_2\" specialty_columns=\"2\" _builder_version=\"3.25\" custom_padding=\"|||\" custom_padding__hover=\"|||\"][et_pb_row_inner column_structure=\"1_3,1_3,1_3\" _builder_version=\"4.9.9\" _module_preset=\"default\" hover_enabled=\"0\" use_custom_gutter=\"on\" sticky_enabled=\"0\" max_width=\"100%\"][et_pb_column_inner type=\"1_3\" saved_specialty_column_type=\"1_2\" _builder_version=\"4.9.4\" _module_preset=\"default\"][et_pb_text _builder_version=\"4.9.4\" _module_preset=\"default\"]\n\nTo establish a major art gallery in the heart of Paris, with a particular emphasis on living artists and outstanding costumer service.\n\n[\/et_pb_text][\/et_pb_column_inner][et_pb_column_inner type=\"1_3\" saved_specialty_column_type=\"1_2\" _builder_version=\"4.9.4\" _module_preset=\"default\"][et_pb_text _builder_version=\"4.9.4\" _module_preset=\"default\"]\n\nTo manage an open collection of works and documents related to Van Gogh's legacy.\n\n[\/et_pb_text][\/et_pb_column_inner][et_pb_column_inner type=\"1_3\" saved_specialty_column_type=\"1_2\" _builder_version=\"4.9.4\" _module_preset=\"default\"][et_pb_text _builder_version=\"4.9.4\" _module_preset=\"default\"]\n\nTo preserve and restore places and landmarks important for the preservation of Van Gogh\u2019s memory both in France &amp; internationally.\n\n[\/et_pb_text][\/et_pb_column_inner][\/et_pb_row_inner][\/et_pb_column][\/et_pb_section]","_et_gb_content_width":"","footnotes":""},"class_list":["post-409","page","type-page","status-publish","hentry"],"_links":{"self":[{"href":"https:\/\/vangoghparis.com\/fr\/wp-json\/wp\/v2\/pages\/409","targetHints":{"allow":["GET"]}}],"collection":[{"href":"https:\/\/vangoghparis.com\/fr\/wp-json\/wp\/v2\/pages"}],"about":[{"href":"https:\/\/vangoghparis.com\/fr\/wp-json\/wp\/v2\/types\/page"}],"author":[{"embeddable":true,"href":"https:\/\/vangoghparis.com\/fr\/wp-json\/wp\/v2\/users\/1"}],"replies":[{"embeddable":true,"href":"https:\/\/vangoghparis.com\/fr\/wp-json\/wp\/v2\/comments?post=409"}],"version-history":[{"count":10,"href":"https:\/\/vangoghparis.com\/fr\/wp-json\/wp\/v2\/pages\/409\/revisions"}],"predecessor-version":[{"id":958,"href":"https:\/\/vangoghparis.com\/fr\/wp-json\/wp\/v2\/pages\/409\/revisions\/958"}],"wp:attachment":[{"href":"https:\/\/vangoghparis.com\/fr\/wp-json\/wp\/v2\/media?parent=409"}],"curies":[{"name":"wp","href":"https:\/\/api.w.org\/{rel}","templated":true}]}}