{"id":425,"date":"2021-07-24T10:49:07","date_gmt":"2021-07-24T08:49:07","guid":{"rendered":"http:\/\/vangoghparis.com\/?page_id=425"},"modified":"2021-09-16T21:42:05","modified_gmt":"2021-09-16T19:42:05","slug":"nfts-jetons-non-fongibles","status":"publish","type":"page","link":"https:\/\/vangoghparis.com\/fr\/nfts-jetons-non-fongibles\/","title":{"rendered":"NFTs (Jetons Non Fongibles)"},"content":{"rendered":"<p>[et_pb_section fb_built=\u00a0\u00bb1&Prime; _builder_version=\u00a0\u00bb4.9.4&Prime; _module_preset=\u00a0\u00bbdefault\u00a0\u00bb width=\u00a0\u00bb90%\u00a0\u00bb max_width=\u00a0\u00bb90%\u00a0\u00bb module_alignment=\u00a0\u00bbcenter\u00a0\u00bb global_colors_info=\u00a0\u00bb{}\u00a0\u00bb][et_pb_row _builder_version=\u00a0\u00bb4.9.4&Prime; _module_preset=\u00a0\u00bbdefault\u00a0\u00bb global_colors_info=\u00a0\u00bb{}\u00a0\u00bb][et_pb_column type=\u00a0\u00bb4_4&Prime; _builder_version=\u00a0\u00bb4.9.4&Prime; _module_preset=\u00a0\u00bbdefault\u00a0\u00bb global_colors_info=\u00a0\u00bb{}\u00a0\u00bb][et_pb_text _builder_version=\u00a0\u00bb4.10.7&Prime; _module_preset=\u00a0\u00bbdefault\u00a0\u00bb global_colors_info=\u00a0\u00bb{}\u00a0\u00bb]<\/p>\n<h1 style=\"text-align: center;\">NFTs (Jetons Non Fongibles)<\/h1>\n<p style=\"text-align: center;\">par Van Gogh &amp; Van Gogh &#8211; disponibles sur <a href=\"https:\/\/opensea.io\/VanGogh-VanGogh\" target=\"_blank\" rel=\"noopener\">OpenSea<\/a><\/p>\n<p>[\/et_pb_text][\/et_pb_column][\/et_pb_row][et_pb_row column_structure=\u00a0\u00bb1_2,1_2&Prime; use_custom_gutter=\u00a0\u00bbon\u00a0\u00bb gutter_width=\u00a0\u00bb1&Prime; _builder_version=\u00a0\u00bb4.9.4&Prime; _module_preset=\u00a0\u00bbdefault\u00a0\u00bb background_color=\u00a0\u00bb#7f0000&Prime; width=\u00a0\u00bb100%\u00a0\u00bb max_width=\u00a0\u00bb1800px\u00a0\u00bb custom_margin=\u00a0\u00bb0px||||false|false\u00a0\u00bb custom_padding=\u00a0\u00bb|10px||10px|false|true\u00a0\u00bb global_colors_info=\u00a0\u00bb{}\u00a0\u00bb][et_pb_column type=\u00a0\u00bb1_2&Prime; _builder_version=\u00a0\u00bb4.9.4&Prime; _module_preset=\u00a0\u00bbdefault\u00a0\u00bb global_colors_info=\u00a0\u00bb{}\u00a0\u00bb][et_pb_text _builder_version=\u00a0\u00bb4.10.7&Prime; _module_preset=\u00a0\u00bb6c06ea50-4472-4fe0-bf3d-ea0612a091bf\u00a0\u00bb custom_margin=\u00a0\u00bb0px|15px||15px|false|true\u00a0\u00bb custom_margin_tablet=\u00a0\u00bb-20px|15px|0px|15px|false|true\u00a0\u00bb custom_margin_phone=\u00a0\u00bb\u00a0\u00bb custom_margin_last_edited=\u00a0\u00bbon|tablet\u00a0\u00bb custom_padding=\u00a0\u00bb17px|50px|17px|50px|true|true\u00a0\u00bb hover_enabled=\u00a0\u00bb0&Prime; global_colors_info=\u00a0\u00bb{}\u00a0\u00bb sticky_enabled=\u00a0\u00bb0&Prime;]<\/p>\n<p><span style=\"color: #ffffff;\">Nos NFTs (Jetons Non Fongibles) sont les premiers de leur genre. Disponibles en \u00e9ditions limit\u00e9es, leurs recettes contribuent de mani\u00e8re directe \u00e0 la pr\u00e9servation du patrimoine mat\u00e9riel et immat\u00e9riel de Van Gogh.<\/span><\/p>\n<p>[\/et_pb_text][\/et_pb_column][et_pb_column type=\u00a0\u00bb1_2&Prime; _builder_version=\u00a0\u00bb4.9.4&Prime; _module_preset=\u00a0\u00bbdefault\u00a0\u00bb global_colors_info=\u00a0\u00bb{}\u00a0\u00bb][et_pb_text _builder_version=\u00a0\u00bb4.10.7&Prime; _module_preset=\u00a0\u00bb6c06ea50-4472-4fe0-bf3d-ea0612a091bf\u00a0\u00bb custom_margin=\u00a0\u00bb0px|15px||15px|false|true\u00a0\u00bb custom_margin_tablet=\u00a0\u00bb10px|15px|-20px|15px|false|true\u00a0\u00bb custom_margin_phone=\u00a0\u00bb\u00a0\u00bb custom_margin_last_edited=\u00a0\u00bbon|tablet\u00a0\u00bb custom_padding=\u00a0\u00bb17px|50px|17px|50px|true|true\u00a0\u00bb hover_enabled=\u00a0\u00bb0&Prime; global_colors_info=\u00a0\u00bb{}\u00a0\u00bb sticky_enabled=\u00a0\u00bb0&Prime;]<\/p>\n<p><span style=\"color: #ffffff;\">Garantis par <strong>la seule galerie ayant une r\u00e9elle l\u00e9gitimit\u00e9 pour les commercialiser<\/strong>, ces produits sont \u00e0 la fois <strong>d&rsquo;excellentes opportunit\u00e9s d&rsquo;investissement et des additions exceptionnelles \u00e0 toute collection de NFTs<\/strong>. Toutes nos \u00e9ditions sont limit\u00e9es et uniques.<\/span><\/p>\n<p>[\/et_pb_text][\/et_pb_column][\/et_pb_row][et_pb_row _builder_version=\u00a0\u00bb4.9.4&Prime; _module_preset=\u00a0\u00bbdefault\u00a0\u00bb global_colors_info=\u00a0\u00bb{}\u00a0\u00bb][et_pb_column type=\u00a0\u00bb4_4&Prime; _builder_version=\u00a0\u00bb4.9.4&Prime; _module_preset=\u00a0\u00bbdefault\u00a0\u00bb global_colors_info=\u00a0\u00bb{}\u00a0\u00bb][et_pb_text _builder_version=\u00a0\u00bb4.9.9&Prime; _module_preset=\u00a0\u00bbdefault\u00a0\u00bb global_colors_info=\u00a0\u00bb{}\u00a0\u00bb]<\/p>\n<h2 style=\"text-align: center;\">Exemples<\/h2>\n<p>[\/et_pb_text][\/et_pb_column][\/et_pb_row][et_pb_row column_structure=\u00a0\u00bb1_3,1_3,1_3&Prime; use_custom_gutter=\u00a0\u00bbon\u00a0\u00bb gutter_width=\u00a0\u00bb2&Prime; _builder_version=\u00a0\u00bb4.9.4&Prime; _module_preset=\u00a0\u00bbdefault\u00a0\u00bb background_color=\u00a0\u00bb#FFFFFF\u00a0\u00bb width=\u00a0\u00bb100%\u00a0\u00bb max_width=\u00a0\u00bb1800px\u00a0\u00bb module_alignment=\u00a0\u00bbcenter\u00a0\u00bb custom_padding=\u00a0\u00bb20px|40px|20px|40px|true|true\u00a0\u00bb global_colors_info=\u00a0\u00bb{}\u00a0\u00bb][et_pb_column type=\u00a0\u00bb1_3&Prime; _builder_version=\u00a0\u00bb4.9.4&Prime; _module_preset=\u00a0\u00bbdefault\u00a0\u00bb global_colors_info=\u00a0\u00bb{}\u00a0\u00bb][et_pb_image src=\u00a0\u00bbhttps:\/\/vangoghparis.com\/wp-content\/uploads\/2021\/07\/20210714_collection-stars_LB-01.jpg\u00a0\u00bb title_text=\u00a0\u00bb20210714_collection-stars_LB-01&Prime; align=\u00a0\u00bbcenter\u00a0\u00bb _builder_version=\u00a0\u00bb4.9.9&Prime; _module_preset=\u00a0\u00bb_initial\u00a0\u00bb width=\u00a0\u00bb100%\u00a0\u00bb max_width=\u00a0\u00bb100%\u00a0\u00bb module_alignment=\u00a0\u00bbcenter\u00a0\u00bb border_radii=\u00a0\u00bbon|10px|10px|10px|10px\u00a0\u00bb border_color_all=\u00a0\u00bb#000000&Prime; global_colors_info=\u00a0\u00bb{}\u00a0\u00bb][\/et_pb_image][et_pb_text _builder_version=\u00a0\u00bb4.9.9&Prime; _module_preset=\u00a0\u00bb8577b93c-3c03-4023-9632-fcdc1cc38baf\u00a0\u00bb module_alignment=\u00a0\u00bbcenter\u00a0\u00bb global_colors_info=\u00a0\u00bb{}\u00a0\u00bb]<\/p>\n<h2 style=\"text-align: center;\">Vincent&rsquo;s Stars<\/h2>\n<p>Une addition \u00e9tincelante \u00e0 votre collection. Edition limit\u00e9e de 30 \u00e9toiles s\u00e9lectionn\u00e9es dans les chefs-d&rsquo;oeuvre les plus c\u00e9l\u00e8bres de Van Gogh. Ces NFTs, les premiers de leur genre, comptent parmi les collectibles num\u00e9riques les plus pr\u00e9cieux au monde.<\/p>\n<p>[\/et_pb_text][\/et_pb_column][et_pb_column type=\u00a0\u00bb1_3&Prime; _builder_version=\u00a0\u00bb4.9.4&Prime; _module_preset=\u00a0\u00bbdefault\u00a0\u00bb global_colors_info=\u00a0\u00bb{}\u00a0\u00bb][et_pb_image src=\u00a0\u00bbhttps:\/\/vangoghparis.com\/wp-content\/uploads\/2021\/07\/20210714_collection-croquis_LB-01.jpg\u00a0\u00bb title_text=\u00a0\u00bb20210714_collection-croquis_LB-01&Prime; align=\u00a0\u00bbcenter\u00a0\u00bb _builder_version=\u00a0\u00bb4.9.9&Prime; _module_preset=\u00a0\u00bbdefault\u00a0\u00bb module_alignment=\u00a0\u00bbcenter\u00a0\u00bb border_radii=\u00a0\u00bbon|10px|10px|10px|10px\u00a0\u00bb border_color_all=\u00a0\u00bb#000000&Prime; global_colors_info=\u00a0\u00bb{}\u00a0\u00bb][\/et_pb_image][et_pb_text _builder_version=\u00a0\u00bb4.9.9&Prime; _module_preset=\u00a0\u00bbdefault\u00a0\u00bb global_colors_info=\u00a0\u00bb{}\u00a0\u00bb]<\/p>\n<h2 style=\"text-align: center;\">About a Sketch<\/h2>\n<p>Quiconque d\u00e9sire en savoir davantage sur Van Gogh, trouvera dans ses centaines de lettres la meilleure source d&rsquo;information possible. La s\u00e9rie de NFTs <em>About a Sketch<\/em> est un hommage \u00e0 40 magnifiques croquis que le peintre \u00e0 envoy\u00e9s dans ses lettres \u00e0 ses amis et sa famille les plus proches.<\/p>\n<p>[\/et_pb_text][\/et_pb_column][et_pb_column type=\u00a0\u00bb1_3&Prime; _builder_version=\u00a0\u00bb4.9.4&Prime; _module_preset=\u00a0\u00bbdefault\u00a0\u00bb global_colors_info=\u00a0\u00bb{}\u00a0\u00bb][et_pb_image src=\u00a0\u00bbhttps:\/\/vangoghparis.com\/wp-content\/uploads\/2021\/07\/20210714_collection-meubles_LB-01.jpg\u00a0\u00bb title_text=\u00a0\u00bb20210714_collection-meubles_LB-01&Prime; align=\u00a0\u00bbcenter\u00a0\u00bb _builder_version=\u00a0\u00bb4.9.9&Prime; _module_preset=\u00a0\u00bbdefault\u00a0\u00bb border_radii=\u00a0\u00bbon|10px|10px|10px|10px\u00a0\u00bb global_colors_info=\u00a0\u00bb{}\u00a0\u00bb][\/et_pb_image][et_pb_text _builder_version=\u00a0\u00bb4.9.9&Prime; _module_preset=\u00a0\u00bbdefault\u00a0\u00bb global_colors_info=\u00a0\u00bb{}\u00a0\u00bb]<\/p>\n<h2 style=\"text-align: center;\">From Vincent&rsquo;s Room<\/h2>\n<p>Un des projets les plus ambitieux de Van Gogh &amp; Van Gogh est la reconstruction de la Maison Jaune, d\u00e9truite par un bombardement en 1943. Van Gogh y a peint d&rsquo;innombrables chefs-d&rsquo;oeuvre. Nous mettons symboliquement en vente ses meubles au sein d&rsquo;une s\u00e9rie de collectibles\u00a0 uniques.<\/p>\n<p>[\/et_pb_text][\/et_pb_column][\/et_pb_row][et_pb_row column_structure=\u00a0\u00bb1_3,1_3,1_3&Prime; use_custom_gutter=\u00a0\u00bbon\u00a0\u00bb gutter_width=\u00a0\u00bb2&Prime; _builder_version=\u00a0\u00bb4.9.4&Prime; _module_preset=\u00a0\u00bbdefault\u00a0\u00bb background_color=\u00a0\u00bb#FFFFFF\u00a0\u00bb width=\u00a0\u00bb100%\u00a0\u00bb max_width=\u00a0\u00bb1800px\u00a0\u00bb module_alignment=\u00a0\u00bbcenter\u00a0\u00bb custom_padding=\u00a0\u00bb15px|15px|15px|15px|true|true\u00a0\u00bb global_colors_info=\u00a0\u00bb{}\u00a0\u00bb][et_pb_column type=\u00a0\u00bb1_3&Prime; _builder_version=\u00a0\u00bb4.9.4&Prime; _module_preset=\u00a0\u00bbdefault\u00a0\u00bb global_colors_info=\u00a0\u00bb{}\u00a0\u00bb][et_pb_image src=\u00a0\u00bbhttps:\/\/vangoghparis.com\/wp-content\/uploads\/2021\/07\/F760-farmer.jpg\u00a0\u00bb title_text=\u00a0\u00bbPAYSAGEgrd\u00a0\u00bb align=\u00a0\u00bbcenter\u00a0\u00bb _builder_version=\u00a0\u00bb4.9.4&Prime; _module_preset=\u00a0\u00bbdefault\u00a0\u00bb height=\u00a0\u00bb340px\u00a0\u00bb global_colors_info=\u00a0\u00bb{}\u00a0\u00bb][\/et_pb_image][et_pb_text _builder_version=\u00a0\u00bb4.9.9&Prime; _module_preset=\u00a0\u00bbdefault\u00a0\u00bb global_colors_info=\u00a0\u00bb{}\u00a0\u00bb]<\/p>\n<h2 style=\"text-align: center;\">People<\/h2>\n<p>Proches ou anonymes, les femmes et les hommes de son entourage se trouvent au c\u0153ur de son oeuvre, que ce soit en sujet principal ou en simple attribut. Il a \u00e9crit que \u00ab\u00a0Les gens sont la racine de tout\u00a0\u00bb et \u00ab\u00a0il n&rsquo;y a rien de plus r\u00e9ellement artistique que d&rsquo;aimer les gens\u00a0\u00bb. La s\u00e9rie de NFTs <em>People<\/em> permet \u00e0 ses collectionneurs de faire la connaissance de certains d&rsquo;entre eux.<\/p>\n<p>[\/et_pb_text][\/et_pb_column][et_pb_column type=\u00a0\u00bb1_3&Prime; _builder_version=\u00a0\u00bb4.9.4&Prime; _module_preset=\u00a0\u00bbdefault\u00a0\u00bb global_colors_info=\u00a0\u00bb{}\u00a0\u00bb][et_pb_image src=\u00a0\u00bbhttps:\/\/vangoghparis.com\/wp-content\/uploads\/2021\/07\/F748-Coquelicot.jpg\u00a0\u00bb title_text=\u00a0\u00bbBHIL-01&Prime; align=\u00a0\u00bbcenter\u00a0\u00bb _builder_version=\u00a0\u00bb4.9.4&Prime; _module_preset=\u00a0\u00bbdefault\u00a0\u00bb max_height=\u00a0\u00bb340px\u00a0\u00bb global_colors_info=\u00a0\u00bb{}\u00a0\u00bb][\/et_pb_image][et_pb_text _builder_version=\u00a0\u00bb4.9.9&Prime; _module_preset=\u00a0\u00bbdefault\u00a0\u00bb global_colors_info=\u00a0\u00bb{}\u00a0\u00bb]<\/p>\n<h2 style=\"text-align: center;\">Flowers<\/h2>\n<p>Les fleurs, un des \u00e9l\u00e9ments les plus importants de l&rsquo;art de Van Gogh, lui permettaient d&rsquo;exp\u00e9rimenter, de s&rsquo;exercer et de produire des \u0153uvres parfaitement vendables. Il impr\u00e9gnait ces sujets d&rsquo;apparence simple d&rsquo;un sens profond et inattendu. Les tournesols formaient son sujet floral de pr\u00e9dilection, mais les iris, coquelicots, oeillets, chardons et les arbres en fleur jouent \u00e9galement des r\u00f4les de premier plan. Cette s\u00e9rie de NFTs t\u00e9moigne de la capacit\u00e9 de Van Gogh \u00e0 voir la beaut\u00e9 \u00e0 ses pieds, partout o\u00f9 il allait.<\/p>\n<p>[\/et_pb_text][\/et_pb_column][et_pb_column type=\u00a0\u00bb1_3&Prime; _builder_version=\u00a0\u00bb4.9.4&Prime; _module_preset=\u00a0\u00bbdefault\u00a0\u00bb global_colors_info=\u00a0\u00bb{}\u00a0\u00bb][et_pb_image src=\u00a0\u00bbhttps:\/\/vangoghparis.com\/wp-content\/uploads\/2021\/07\/De_pruimenboomgaard_te_Kameido-Rijksmuseum_RP-P-1956-743-scaled.jpg\u00a0\u00bb title_text=\u00a0\u00bbDe_pruimenboomgaard_te_Kameido-Rijksmuseum_RP-P-1956-743&Prime; align=\u00a0\u00bbcenter\u00a0\u00bb _builder_version=\u00a0\u00bb4.9.4&Prime; _module_preset=\u00a0\u00bbdefault\u00a0\u00bb max_height=\u00a0\u00bb340px\u00a0\u00bb global_colors_info=\u00a0\u00bb{}\u00a0\u00bb][\/et_pb_image][et_pb_text _builder_version=\u00a0\u00bb4.9.9&Prime; _module_preset=\u00a0\u00bbdefault\u00a0\u00bb global_colors_info=\u00a0\u00bb{}\u00a0\u00bb]<\/p>\n<h2 style=\"text-align: center;\">Inspiration<\/h2>\n<p>Van Gogh \u00e9tait un artiste \u00e9rudit disposant d&rsquo;un vaste catalogue mental de peintres et d&rsquo;oeuvres qu&rsquo;il admirait. Durant toute sa carri\u00e8re, il s&rsquo;est efforc\u00e9 d&rsquo;apprendre de ceux qui l&rsquo;avaient pr\u00e9c\u00e9d\u00e9 dans sa qu\u00eate du sublime au sein de la nature. De Rembrandt \u00e0 Hiroshige, ses go\u00fbts \u00e9taient \u00e9clectiques et r\u00e9v\u00e9lateurs d&rsquo;un incroyable ouverture d&rsquo;esprit. Cette s\u00e9rie de NFTs permet d&rsquo;en apprendre un peu plus sur les influences de son art, augment\u00e9es de ses propres \u00e9motions et de son dur labeur.<\/p>\n<p>[\/et_pb_text][\/et_pb_column][\/et_pb_row][et_pb_row _builder_version=\u00a0\u00bb4.9.4&Prime; _module_preset=\u00a0\u00bbdefault\u00a0\u00bb global_colors_info=\u00a0\u00bb{}\u00a0\u00bb][et_pb_column type=\u00a0\u00bb4_4&Prime; _builder_version=\u00a0\u00bb4.9.4&Prime; _module_preset=\u00a0\u00bbdefault\u00a0\u00bb global_colors_info=\u00a0\u00bb{}\u00a0\u00bb][et_pb_divider _builder_version=\u00a0\u00bb4.9.4&Prime; _module_preset=\u00a0\u00bbdefault\u00a0\u00bb global_colors_info=\u00a0\u00bb{}\u00a0\u00bb][\/et_pb_divider][\/et_pb_column][\/et_pb_row][et_pb_row _builder_version=\u00a0\u00bb4.9.4&Prime; _module_preset=\u00a0\u00bbdefault\u00a0\u00bb global_colors_info=\u00a0\u00bb{}\u00a0\u00bb][et_pb_column type=\u00a0\u00bb4_4&Prime; _builder_version=\u00a0\u00bb4.9.4&Prime; _module_preset=\u00a0\u00bbdefault\u00a0\u00bb global_colors_info=\u00a0\u00bb{}\u00a0\u00bb][et_pb_text _builder_version=\u00a0\u00bb4.9.4&Prime; _module_preset=\u00a0\u00bbdefault\u00a0\u00bb global_colors_info=\u00a0\u00bb{}\u00a0\u00bb]<\/p>\n<h2 style=\"text-align: center;\">Van Gogh&rsquo;s Last Painting : The Discovery<\/h2>\n<p>[\/et_pb_text][\/et_pb_column][\/et_pb_row][et_pb_row column_structure=\u00a0\u00bb1_2,1_2&Prime; _builder_version=\u00a0\u00bb4.9.4&Prime; _module_preset=\u00a0\u00bbdefault\u00a0\u00bb global_colors_info=\u00a0\u00bb{}\u00a0\u00bb][et_pb_column type=\u00a0\u00bb1_2&Prime; _builder_version=\u00a0\u00bb4.9.4&Prime; _module_preset=\u00a0\u00bbdefault\u00a0\u00bb global_colors_info=\u00a0\u00bb{}\u00a0\u00bb][et_pb_image src=\u00a0\u00bbhttps:\/\/vangoghparis.com\/wp-content\/uploads\/2021\/06\/Colorisation-S.jpg\u00a0\u00bb title_text=\u00a0\u00bbColorisation S\u00a0\u00bb _builder_version=\u00a0\u00bb4.9.4&Prime; _module_preset=\u00a0\u00bbdefault\u00a0\u00bb global_colors_info=\u00a0\u00bb{}\u00a0\u00bb][\/et_pb_image][et_pb_text _builder_version=\u00a0\u00bb4.9.9&Prime; _module_preset=\u00a0\u00bbdefault\u00a0\u00bb global_colors_info=\u00a0\u00bb{}\u00a0\u00bb]<\/p>\n<p>Carte postale coloris\u00e9e <em>rue Daubigny<\/em><\/p>\n<p>[\/et_pb_text][et_pb_image src=\u00a0\u00bbhttps:\/\/vangoghparis.com\/wp-content\/uploads\/2021\/06\/Racines-Photo-s-scaled.jpg\u00a0\u00bb title_text=\u00a0\u00bbRacines Photo s\u00a0\u00bb _builder_version=\u00a0\u00bb4.9.4&Prime; _module_preset=\u00a0\u00bbdefault\u00a0\u00bb global_colors_info=\u00a0\u00bb{}\u00a0\u00bb][\/et_pb_image][et_pb_text _builder_version=\u00a0\u00bb4.9.9&Prime; _module_preset=\u00a0\u00bbdefault\u00a0\u00bb global_colors_info=\u00a0\u00bb{}\u00a0\u00bb]<\/p>\n<p>Carte postale rue Daubigny<\/p>\n<p>[\/et_pb_text][\/et_pb_column][et_pb_column type=\u00a0\u00bb1_2&Prime; _builder_version=\u00a0\u00bb4.9.4&Prime; _module_preset=\u00a0\u00bbdefault\u00a0\u00bb global_colors_info=\u00a0\u00bb{}\u00a0\u00bb][et_pb_text _builder_version=\u00a0\u00bb4.9.9&Prime; _module_preset=\u00a0\u00bbdefault\u00a0\u00bb custom_padding=\u00a0\u00bb3px|5px|3px|5px|true|true\u00a0\u00bb global_colors_info=\u00a0\u00bb{}\u00a0\u00bb]<\/p>\n<h2>Le Meilleur des NFTs<\/h2>\n<p>En avril 2020, durant le premier confinement li\u00e9 \u00e0 la pand\u00e9mie de Covid-19, Dr Wouter van der Veen s&rsquo;est retrouv\u00e9 chez lui, avec peu d&rsquo;autre activit\u00e9 que de ranger sa volumineuse documentation d\u00e9di\u00e9e \u00e0 Van Gogh. Pendant qu&rsquo;il cataloguait des images, il fut frapp\u00e9 par la ressemblance entre le <strong>dernier tableau de Van Gogh<\/strong>, peint le jour de son suicide, et une <strong>carte postale<\/strong> montrant un bord de route couvert de troncs et de racines emm\u00eal\u00e9es.<\/p>\n<p>Ce fut la d\u00e9couverte la plus spectaculaire li\u00e9e \u00e0 Van Gogh du si\u00e8cle \u00e0 ce jour, et devint virale pendant des semaines dans le monde entier. Le scan original, tout comme la version coloris\u00e9e servant \u00e0 expliquer la d\u00e9couverte, ont \u00e9t\u00e9 reproduits des milliers de fois dans les m\u00e9dias les plus prestigieux de la plan\u00e8te.<\/p>\n<p>Il n&rsquo;est pas facile d&rsquo;imaginer un NFT plus pr\u00e9cieux que ces deux fichiers num\u00e9riques, uniquement disponibles chez Van Gogh &amp; Van Gogh.<\/p>\n<p>Ils sont tous deux publi\u00e9s \u00e0 70 exemplaires seulement. Un pour chaque jour que Van Gogh a pass\u00e9 \u00e0 Auvers-sur-Oise, le village o\u00f9 sa vie prit fin, et o\u00f9 sa l\u00e9gende naquit.<\/p>\n<p>[\/et_pb_text][\/et_pb_column][\/et_pb_row][et_pb_row _builder_version=\u00a0\u00bb4.10.7&Prime; _module_preset=\u00a0\u00bbdefault\u00a0\u00bb global_colors_info=\u00a0\u00bb{}\u00a0\u00bb][et_pb_column type=\u00a0\u00bb4_4&Prime; _builder_version=\u00a0\u00bb4.10.7&Prime; _module_preset=\u00a0\u00bbdefault\u00a0\u00bb global_colors_info=\u00a0\u00bb{}\u00a0\u00bb][et_pb_text _builder_version=\u00a0\u00bb4.10.7&Prime; _module_preset=\u00a0\u00bbdefault\u00a0\u00bb global_colors_info=\u00a0\u00bb{}\u00a0\u00bb]<\/p>\n<h2 style=\"text-align: center;\">Nos NFTs sont disponibles sur <a href=\"https:\/\/opensea.io\/VanGogh-VanGogh\" target=\"_blank\" rel=\"noopener\">OpenSea<\/a><\/h2>\n<p>[\/et_pb_text][\/et_pb_column][\/et_pb_row][\/et_pb_section]<\/p>\n","protected":false},"excerpt":{"rendered":"<p>NFTs (Jetons Non Fongibles) par Van Gogh &amp; Van Gogh &#8211; disponibles sur OpenSeaNos NFTs (Jetons Non Fongibles) sont les premiers de leur genre. Disponibles en \u00e9ditions limit\u00e9es, leurs recettes contribuent de mani\u00e8re directe \u00e0 la pr\u00e9servation du patrimoine mat\u00e9riel et immat\u00e9riel de Van Gogh.Garantis par la seule galerie ayant une r\u00e9elle l\u00e9gitimit\u00e9 pour les [&hellip;]<\/p>\n","protected":false},"author":1,"featured_media":0,"parent":0,"menu_order":0,"comment_status":"closed","ping_status":"closed","template":"","meta":{"_et_pb_use_builder":"on","_et_pb_old_content":"","_et_gb_content_width":"","footnotes":""},"class_list":["post-425","page","type-page","status-publish","hentry"],"_links":{"self":[{"href":"https:\/\/vangoghparis.com\/fr\/wp-json\/wp\/v2\/pages\/425","targetHints":{"allow":["GET"]}}],"collection":[{"href":"https:\/\/vangoghparis.com\/fr\/wp-json\/wp\/v2\/pages"}],"about":[{"href":"https:\/\/vangoghparis.com\/fr\/wp-json\/wp\/v2\/types\/page"}],"author":[{"embeddable":true,"href":"https:\/\/vangoghparis.com\/fr\/wp-json\/wp\/v2\/users\/1"}],"replies":[{"embeddable":true,"href":"https:\/\/vangoghparis.com\/fr\/wp-json\/wp\/v2\/comments?post=425"}],"version-history":[{"count":9,"href":"https:\/\/vangoghparis.com\/fr\/wp-json\/wp\/v2\/pages\/425\/revisions"}],"predecessor-version":[{"id":756,"href":"https:\/\/vangoghparis.com\/fr\/wp-json\/wp\/v2\/pages\/425\/revisions\/756"}],"wp:attachment":[{"href":"https:\/\/vangoghparis.com\/fr\/wp-json\/wp\/v2\/media?parent=425"}],"curies":[{"name":"wp","href":"https:\/\/api.w.org\/{rel}","templated":true}]}}