{"id":448,"date":"2021-07-24T10:48:36","date_gmt":"2021-07-24T08:48:36","guid":{"rendered":"http:\/\/vangoghparis.com\/?page_id=448"},"modified":"2021-09-16T21:40:43","modified_gmt":"2021-09-16T19:40:43","slug":"expertise","status":"publish","type":"page","link":"https:\/\/vangoghparis.com\/fr\/expertise\/","title":{"rendered":"Expertise"},"content":{"rendered":"<p>[et_pb_section fb_built=\u00a0\u00bb1&Prime; _builder_version=\u00a0\u00bb4.9.4&Prime; _module_preset=\u00a0\u00bbdefault\u00a0\u00bb global_colors_info=\u00a0\u00bb{}\u00a0\u00bb][et_pb_row _builder_version=\u00a0\u00bb4.9.4&Prime; _module_preset=\u00a0\u00bbdefault\u00a0\u00bb global_colors_info=\u00a0\u00bb{}\u00a0\u00bb][et_pb_column type=\u00a0\u00bb4_4&Prime; _builder_version=\u00a0\u00bb4.9.4&Prime; _module_preset=\u00a0\u00bbdefault\u00a0\u00bb global_colors_info=\u00a0\u00bb{}\u00a0\u00bb][et_pb_text _builder_version=\u00a0\u00bb4.9.4&Prime; _module_preset=\u00a0\u00bbdefault\u00a0\u00bb global_colors_info=\u00a0\u00bb{}\u00a0\u00bb]<\/p>\n<h1 style=\"text-align: center;\">Expertise<\/h1>\n<p>[\/et_pb_text][\/et_pb_column][\/et_pb_row][et_pb_row column_structure=\u00a0\u00bb1_2,1_2&Prime; use_custom_gutter=\u00a0\u00bbon\u00a0\u00bb gutter_width=\u00a0\u00bb1&Prime; make_equal=\u00a0\u00bbon\u00a0\u00bb _builder_version=\u00a0\u00bb4.9.4&Prime; _module_preset=\u00a0\u00bbdefault\u00a0\u00bb background_color=\u00a0\u00bb#7f0000&Prime; width=\u00a0\u00bb100%\u00a0\u00bb max_width=\u00a0\u00bb1800px\u00a0\u00bb global_colors_info=\u00a0\u00bb{}\u00a0\u00bb][et_pb_column type=\u00a0\u00bb1_2&Prime; _builder_version=\u00a0\u00bb4.9.4&Prime; _module_preset=\u00a0\u00bbdefault\u00a0\u00bb global_colors_info=\u00a0\u00bb{}\u00a0\u00bb][et_pb_image src=\u00a0\u00bbhttps:\/\/vangoghparis.com\/wp-content\/uploads\/2021\/07\/Capture-de\u0301cran-2021-06-22-a\u0300-09.47.16-920&#215;1024.jpg\u00a0\u00bb title_text=\u00a0\u00bbCapture d\u2019e\u0301cran 2021-06-22 a\u0300 09.47.16&Prime; align=\u00a0\u00bbcenter\u00a0\u00bb _builder_version=\u00a0\u00bb4.9.9&Prime; _module_preset=\u00a0\u00bbdefault\u00a0\u00bb max_height=\u00a0\u00bb443px\u00a0\u00bb custom_margin=\u00a0\u00bb|15px||15px|false|true\u00a0\u00bb border_radii=\u00a0\u00bbon|5px|5px|5px|5px\u00a0\u00bb global_colors_info=\u00a0\u00bb{}\u00a0\u00bb][\/et_pb_image][\/et_pb_column][et_pb_column type=\u00a0\u00bb1_2&Prime; _builder_version=\u00a0\u00bb4.9.4&Prime; _module_preset=\u00a0\u00bbdefault\u00a0\u00bb global_colors_info=\u00a0\u00bb{}\u00a0\u00bb][et_pb_text _builder_version=\u00a0\u00bb4.10.7&Prime; _module_preset=\u00a0\u00bb6c06ea50-4472-4fe0-bf3d-ea0612a091bf\u00a0\u00bb custom_margin=\u00a0\u00bb|15px||15px|false|true\u00a0\u00bb hover_enabled=\u00a0\u00bb0&Prime; global_colors_info=\u00a0\u00bb{}\u00a0\u00bb sticky_enabled=\u00a0\u00bb0&Prime;]<\/p>\n<h2><span style=\"color: #ffffff;\">Le plus haut niveau scientifique<\/span><\/h2>\n<p><span style=\"color: #ffffff;\">Vincent van Gogh est probablement l&rsquo;artiste le mieux document\u00e9 de tous les temps. Ses 875 tableaux et 1000 dessins sont g\u00e9n\u00e9reusement compl\u00e9t\u00e9s par sa correspondance de plus de 900 lettres et par des \u00e9tudes, th\u00e8ses, articles et essais r\u00e9dig\u00e9s par les institutions les plus prestigieuses et les individus les plus brillants.<\/span><\/p>\n<p><span style=\"color: #ffffff;\">De fait, la documentation est si riche que les \u00e9tudes li\u00e9es \u00e0 Van Gogh sont devenues une discipline \u00e0 part enti\u00e8re. Et il faut de nombreuses ann\u00e9es pour tout \u00e9tudiant et\/ou amateur d&rsquo;art pour acqu\u00e9rir des bases solides en la mati\u00e8re.<\/span><\/p>\n<p><span style=\"color: #ffffff;\">Van Gogh &amp; Van Gogh a \u00e9t\u00e9 fond\u00e9 par Wouter van der Veen (n\u00e9 en 1974), dont l&rsquo;expertise et la r\u00e9putation de chercheur sont reconnus dans le monde entier. W. Van der Veen a commenc\u00e9 sa carri\u00e8re \u00e0 24 ans au Mus\u00e9e Van Gogh, en qualit\u00e9 de collaborateur scientifique au sein de l&rsquo;\u00e9quipe qui a publi\u00e9 la correspondance critique du peintre en six volumes. Il a obtenu son doctorat \u00e0 l&rsquo;Universit\u00e9 d&rsquo;Utrecht avec une th\u00e8se intitul\u00e9e <em>Van Gogh, A Literary Mind<\/em>, avant de prendre un poste de ma\u00eetre de conf\u00e9rences \u00e0 l&rsquo;Universit\u00e9 de Strasbourg. Il est le directeur scientifique de l&rsquo;Institut Van Gogh \u00e0 Auvers-sur-Oise depuis 2015. En 2020, sa d\u00e9couverte du lieu de la r\u00e9alisation du dernier tableau de Van Gogh a fait le tour du monde. Depuis mai 2021, il est le fondateur et PDG de Van Gogh &amp; Van Gogh.<\/span><\/p>\n<p>[\/et_pb_text][\/et_pb_column][\/et_pb_row][et_pb_row column_structure=\u00a0\u00bb1_2,1_2&Prime; use_custom_gutter=\u00a0\u00bbon\u00a0\u00bb gutter_width=\u00a0\u00bb1&Prime; _builder_version=\u00a0\u00bb4.9.4&Prime; _module_preset=\u00a0\u00bbdefault\u00a0\u00bb global_colors_info=\u00a0\u00bb{}\u00a0\u00bb][et_pb_column type=\u00a0\u00bb1_2&Prime; _builder_version=\u00a0\u00bb4.9.4&Prime; _module_preset=\u00a0\u00bbdefault\u00a0\u00bb global_colors_info=\u00a0\u00bb{}\u00a0\u00bb][et_pb_image src=\u00a0\u00bbhttps:\/\/vangoghparis.com\/wp-content\/uploads\/2021\/07\/media.jpeg\u00a0\u00bb title_text=\u00a0\u00bbmedia\u00a0\u00bb align=\u00a0\u00bbcenter\u00a0\u00bb _builder_version=\u00a0\u00bb4.9.4&Prime; _module_preset=\u00a0\u00bbdefault\u00a0\u00bb height=\u00a0\u00bb518px\u00a0\u00bb global_colors_info=\u00a0\u00bb{}\u00a0\u00bb][\/et_pb_image][\/et_pb_column][et_pb_column type=\u00a0\u00bb1_2&Prime; _builder_version=\u00a0\u00bb4.9.4&Prime; _module_preset=\u00a0\u00bbdefault\u00a0\u00bb global_colors_info=\u00a0\u00bb{}\u00a0\u00bb][et_pb_text _builder_version=\u00a0\u00bb4.9.9&Prime; _module_preset=\u00a0\u00bbdefault\u00a0\u00bb global_colors_info=\u00a0\u00bb{}\u00a0\u00bb]<\/p>\n<h2>Conseil historique<\/h2>\n<p>La vie et l&rsquo;oeuvre de Van Gogh ont inspir\u00e9 d&rsquo;innombrables romans, pi\u00e8ces de th\u00e9\u00e2tre, films, chansons, spectacles immersifs et expositions de toute nature. Cette multiplicit\u00e9 de projets cr\u00e9atifs t\u00e9moigne de la vitalit\u00e9 extraordinaire de l&rsquo;h\u00e9ritage de Van Gogh et donne lieu \u00e0 des productions souvent extraordinaires doubl\u00e9es d&rsquo;un acc\u00e8s privil\u00e9gi\u00e9 aux r\u00e9alit\u00e9s et \u00e9motions du pass\u00e9.<\/p>\n<p>La cr\u00e9ation artistique ne devrait jamais \u00eatre limit\u00e9e par une volont\u00e9 trop forte d&rsquo;exactitude historique, vaine par nature. Lorsqu&rsquo;on fait revivre le pass\u00e9, in\u00e9vitablement, on le r\u00e9invente au moins en partie. Mais parfois, la recr\u00e9ation historique, m\u00eame bien intentionn\u00e9e, donne lieu \u00e0 des \u0153uvres impr\u00e9cises, d\u00e9routantes, biais\u00e9es ou m\u00eame irrespectueuses sur le plan m\u00e9moriel. Ce ph\u00e9nom\u00e8ne trop fr\u00e9quent est regrettable non seulement pour l&rsquo;h\u00e9ritage de Van Gogh, mais \u00e9galement pour l&rsquo;exploitation commerciale des \u0153uvres ainsi cr\u00e9\u00e9es. Quand la critique d&rsquo;attarde sur le bien-fond\u00e9 historique d&rsquo;une production culturelle, cette derni\u00e8re semble rencontrer bien moins de succ\u00e8s.<\/p>\n<p>Van Gogh &amp; Van Gogh a une vaste exp\u00e9rience dans l&rsquo;accompagnement d&rsquo;auteurs, d&rsquo;artistes et de producteurs dans leur qu\u00eate de faire revivre le XIXe si\u00e8cle. Nous proposons le service de conseil le plus fiable et le mieux qualifi\u00e9 pour tout projet cr\u00e9atif articul\u00e9 autour de la vie, de l&rsquo;\u0153uvre et de l&rsquo;\u00e9poque de Van Gogh.<\/p>\n<p>[\/et_pb_text][\/et_pb_column][\/et_pb_row][et_pb_row column_structure=\u00a0\u00bb1_2,1_2&Prime; use_custom_gutter=\u00a0\u00bbon\u00a0\u00bb gutter_width=\u00a0\u00bb1&Prime; make_equal=\u00a0\u00bbon\u00a0\u00bb _builder_version=\u00a0\u00bb4.9.4&Prime; _module_preset=\u00a0\u00bbdefault\u00a0\u00bb background_color=\u00a0\u00bb#7f0000&Prime; width=\u00a0\u00bb100%\u00a0\u00bb max_width=\u00a0\u00bb1800px\u00a0\u00bb global_colors_info=\u00a0\u00bb{}\u00a0\u00bb][et_pb_column type=\u00a0\u00bb1_2&Prime; _builder_version=\u00a0\u00bb4.9.4&Prime; _module_preset=\u00a0\u00bbdefault\u00a0\u00bb hover_enabled=\u00a0\u00bb0&Prime; global_colors_info=\u00a0\u00bb{}\u00a0\u00bb sticky_enabled=\u00a0\u00bb0&Prime;][et_pb_text _builder_version=\u00a0\u00bb4.10.7&Prime; _module_preset=\u00a0\u00bb6c06ea50-4472-4fe0-bf3d-ea0612a091bf\u00a0\u00bb custom_margin=\u00a0\u00bb|15px||15px|false|true\u00a0\u00bb hover_enabled=\u00a0\u00bb0&Prime; global_colors_info=\u00a0\u00bb{}\u00a0\u00bb sticky_enabled=\u00a0\u00bb0&Prime;]<\/p>\n<h2 style=\"text-align: center;\"><span style=\"color: #ffffff;\">Poss\u00e9dez-vous un Van Gogh ?<\/span><\/h2>\n<p>[\/et_pb_text][et_pb_image src=\u00a0\u00bbhttps:\/\/vangoghparis.com\/wp-content\/uploads\/2021\/07\/IMG_6963-scaled-1.jpeg\u00a0\u00bb title_text=\u00a0\u00bbIMG_6963&Prime; align=\u00a0\u00bbcenter\u00a0\u00bb _builder_version=\u00a0\u00bb4.9.4&Prime; _module_preset=\u00a0\u00bbdefault\u00a0\u00bb height=\u00a0\u00bb409px\u00a0\u00bb custom_margin=\u00a0\u00bb23px|15px||15px|false|true\u00a0\u00bb global_colors_info=\u00a0\u00bb{}\u00a0\u00bb][\/et_pb_image][\/et_pb_column][et_pb_column type=\u00a0\u00bb1_2&Prime; _builder_version=\u00a0\u00bb4.9.4&Prime; _module_preset=\u00a0\u00bbdefault\u00a0\u00bb global_colors_info=\u00a0\u00bb{}\u00a0\u00bb][et_pb_text _builder_version=\u00a0\u00bb4.10.7&Prime; _module_preset=\u00a0\u00bb6c06ea50-4472-4fe0-bf3d-ea0612a091bf\u00a0\u00bb custom_margin=\u00a0\u00bb|15px||15px|false|true\u00a0\u00bb hover_enabled=\u00a0\u00bb0&Prime; global_colors_info=\u00a0\u00bb{}\u00a0\u00bb sticky_enabled=\u00a0\u00bb0&Prime;]<\/p>\n<p><span style=\"color: #ffffff;\">Le Mus\u00e9e Van Gogh et les historiens d&rsquo;art reconnus pour leurs connaissances de l&rsquo;\u0153uvre de Van Gogh sont fr\u00e9quemment d\u00e9march\u00e9s pour donner leur opinion sur des tableaux ou dessins attribu\u00e9s au ma\u00eetre n\u00e9erlandais. Les sommes astronomiques associ\u00e9es \u00e0 son art nourrissent de nombreux r\u00eaves de prosp\u00e9rit\u00e9 rapide.<\/span><\/p>\n<p><span style=\"color: #ffffff;\">Les \u00e9motions prenant souvent le pas sur la raison, les propri\u00e9taires d&rsquo;\u0153uvres qu&rsquo;ils pensent \u00eatre de la main de van Gogh sont g\u00e9n\u00e9ralement r\u00e9fractaires \u00e0 une hypoth\u00e8se contraire.<\/span><\/p>\n<p><span style=\"color: #ffffff;\">Van Gogh &amp; Van Gogh recommande vivement aux individus et aux entreprises cherchant \u00e0 faire authentifier un Van Gogh de s&rsquo;adresser au Mus\u00e9e Van Gogh d&rsquo;Amsterdam, l&rsquo;institution la mieux \u00e9quip\u00e9e dans une telle perspective. Il faut cependant savoir qu&rsquo;il n&rsquo;existe pas de certificat d&rsquo;authenticit\u00e9 en tant que tel. Il n&rsquo;y a que des opinions bas\u00e9es sur l&rsquo;expertise et l&rsquo;analyse technique, qui sont rarement d\u00e9finitives. Au bout du compte, le march\u00e9 de l&rsquo;art est le seul et dernier juge de l&rsquo;attribution d&rsquo;un tableau \u00e0 un artiste de renom.<\/span><\/p>\n<p><span style=\"color: #ffffff;\">Van Gogh &amp; Van Gogh n&rsquo;est pas \u00e9quip\u00e9e d&rsquo;un laboratoire ou d&rsquo;installations techniques, et ne dispose pas des connaissances requises pour interpr\u00e9ter les donn\u00e9es issues d&rsquo;analyses techniques, comme la composition des pigments, le comptage de fils, de pr\u00e9sence de pollen etc. Si toutefois vous d\u00e9sirez recueillir notre opinion sur une \u0153uvre, bas\u00e9e uniquement sur nos connaissances approfondies de la vie, de l&rsquo;art et de l&rsquo;\u00e9poque de Van Gogh (une opinion qui ne pourra en aucun cas \u00eatre interpr\u00eat\u00e9e comme une garantie de quelque nature que ce soit dans une perspective d&rsquo;attribution), vous pouvez nous adresser une demande de rapport sur l&rsquo;objet en question. Notez que nous n&rsquo;accepterons pas toutes les demandes et qu&rsquo;aucune opnion ne sera donn\u00e9e avant le r\u00e8glement total et d\u00e9finitif de la prestation.<\/span><\/p>\n<p>[\/et_pb_text][\/et_pb_column][\/et_pb_row][\/et_pb_section]<\/p>\n","protected":false},"excerpt":{"rendered":"<p>ExpertiseLe plus haut niveau scientifique Vincent van Gogh est probablement l&rsquo;artiste le mieux document\u00e9 de tous les temps. Ses 875 tableaux et 1000 dessins sont g\u00e9n\u00e9reusement compl\u00e9t\u00e9s par sa correspondance de plus de 900 lettres et par des \u00e9tudes, th\u00e8ses, articles et essais r\u00e9dig\u00e9s par les institutions les plus prestigieuses et les individus les plus [&hellip;]<\/p>\n","protected":false},"author":1,"featured_media":0,"parent":0,"menu_order":0,"comment_status":"closed","ping_status":"closed","template":"","meta":{"_et_pb_use_builder":"on","_et_pb_old_content":"","_et_gb_content_width":"","footnotes":""},"class_list":["post-448","page","type-page","status-publish","hentry"],"_links":{"self":[{"href":"https:\/\/vangoghparis.com\/fr\/wp-json\/wp\/v2\/pages\/448","targetHints":{"allow":["GET"]}}],"collection":[{"href":"https:\/\/vangoghparis.com\/fr\/wp-json\/wp\/v2\/pages"}],"about":[{"href":"https:\/\/vangoghparis.com\/fr\/wp-json\/wp\/v2\/types\/page"}],"author":[{"embeddable":true,"href":"https:\/\/vangoghparis.com\/fr\/wp-json\/wp\/v2\/users\/1"}],"replies":[{"embeddable":true,"href":"https:\/\/vangoghparis.com\/fr\/wp-json\/wp\/v2\/comments?post=448"}],"version-history":[{"count":4,"href":"https:\/\/vangoghparis.com\/fr\/wp-json\/wp\/v2\/pages\/448\/revisions"}],"predecessor-version":[{"id":755,"href":"https:\/\/vangoghparis.com\/fr\/wp-json\/wp\/v2\/pages\/448\/revisions\/755"}],"wp:attachment":[{"href":"https:\/\/vangoghparis.com\/fr\/wp-json\/wp\/v2\/media?parent=448"}],"curies":[{"name":"wp","href":"https:\/\/api.w.org\/{rel}","templated":true}]}}