{"id":455,"date":"2021-07-24T10:49:21","date_gmt":"2021-07-24T08:49:21","guid":{"rendered":"http:\/\/vangoghparis.com\/?page_id=455"},"modified":"2021-07-25T16:29:45","modified_gmt":"2021-07-25T14:29:45","slug":"notre-histoire","status":"publish","type":"page","link":"https:\/\/vangoghparis.com\/fr\/notre-histoire\/","title":{"rendered":"Notre Histoire"},"content":{"rendered":"<p>[et_pb_section fb_built=\u00a0\u00bb1&Prime; _builder_version=\u00a0\u00bb4.9.4&Prime; _module_preset=\u00a0\u00bbdefault\u00a0\u00bb width=\u00a0\u00bb90%\u00a0\u00bb max_width=\u00a0\u00bb90%\u00a0\u00bb module_alignment=\u00a0\u00bbcenter\u00a0\u00bb custom_margin=\u00a0\u00bb|0px||0px|false|false\u00a0\u00bb border_radii=\u00a0\u00bbon|5px|5px|5px|5px\u00a0\u00bb][et_pb_row _builder_version=\u00a0\u00bb4.9.4&Prime; _module_preset=\u00a0\u00bbdefault\u00a0\u00bb][et_pb_column type=\u00a0\u00bb4_4&Prime; _builder_version=\u00a0\u00bb4.9.4&Prime; _module_preset=\u00a0\u00bbdefault\u00a0\u00bb][et_pb_text _builder_version=\u00a0\u00bb4.9.4&Prime; _module_preset=\u00a0\u00bbdefault\u00a0\u00bb]<\/p>\n<h1 style=\"text-align: center;\">Notre Histoire<\/h1>\n<p>[\/et_pb_text][\/et_pb_column][\/et_pb_row][et_pb_row column_structure=\u00a0\u00bb1_3,1_3,1_3&Prime; make_equal=\u00a0\u00bbon\u00a0\u00bb _builder_version=\u00a0\u00bb4.9.4&Prime; _module_preset=\u00a0\u00bbdefault\u00a0\u00bb background_color=\u00a0\u00bb#4f0000&Prime; width=\u00a0\u00bb100%\u00a0\u00bb width_tablet=\u00a0\u00bb\u00a0\u00bb width_phone=\u00a0\u00bb\u00a0\u00bb width_last_edited=\u00a0\u00bbon|desktop\u00a0\u00bb max_width=\u00a0\u00bb1800px\u00a0\u00bb][et_pb_column type=\u00a0\u00bb1_3&Prime; _builder_version=\u00a0\u00bb4.9.4&Prime; _module_preset=\u00a0\u00bbdefault\u00a0\u00bb][et_pb_image src=\u00a0\u00bbhttps:\/\/vangoghparis.com\/wp-content\/uploads\/2021\/07\/Adolphe_Goupil_e\u0301diteur_destampes_by_Achille_Deve\u0301ria-4.jpg\u00a0\u00bb title_text=\u00a0\u00bbAdolphe_Goupil_e\u0301diteur_d&rsquo;estampes_by_Achille_Deve\u0301ria\u00a0\u00bb _builder_version=\u00a0\u00bb4.9.4&Prime; _module_preset=\u00a0\u00bbd23df726-6c95-49e0-a497-d214f00afbb1&Prime;][\/et_pb_image][et_pb_text _builder_version=\u00a0\u00bb4.9.4&Prime; _module_preset=\u00a0\u00bbdefault\u00a0\u00bb max_width=\u00a0\u00bb60%\u00a0\u00bb module_alignment=\u00a0\u00bbcenter\u00a0\u00bb max_height=\u00a0\u00bb1000px\u00a0\u00bb custom_margin=\u00a0\u00bb0px||0px||true|false\u00a0\u00bb]<\/p>\n<h3 style=\"text-align: center;\">Adolphe Goupil, marchand d&rsquo;art (1806-1893)<\/h3>\n<p>[\/et_pb_text][\/et_pb_column][et_pb_column type=\u00a0\u00bb1_3&Prime; _builder_version=\u00a0\u00bb4.9.4&Prime; _module_preset=\u00a0\u00bbdefault\u00a0\u00bb][et_pb_text _builder_version=\u00a0\u00bb4.9.4&Prime; _module_preset=\u00a0\u00bbdefault\u00a0\u00bb custom_margin=\u00a0\u00bb59px||||false|false\u00a0\u00bb custom_margin_tablet=\u00a0\u00bb\u00a0\u00bb custom_margin_phone=\u00a0\u00bb\u00a0\u00bb custom_margin_last_edited=\u00a0\u00bbon|tablet\u00a0\u00bb custom_padding=\u00a0\u00bb10px|10px|10px|10px|true|true\u00a0\u00bb box_shadow_style=\u00a0\u00bbpreset1&Prime;]<\/p>\n<p>En 1827, Adolphe Goupil fonda une entreprise qui porta son nom et conquit une r\u00e9putation internationale : Goupil &amp; Compagnie. Sous sa guidance inspir\u00e9e, la galerie ne se contenta pas de suivre le mod\u00e8le habituel du march\u00e9 de l&rsquo;art de son temps, mais se sp\u00e9cialisa dans l&rsquo;\u00e9dition d&rsquo;estampes en utilisant les technologies les plus innovantes, et contribuant m\u00eame \u00e0 l&rsquo;invention de nouvelles m\u00e9thodes. Cette approche connut un tel succ\u00e8s que Goupil &amp; Cie finit par dicter le go\u00fbt du temps et par influencer consid\u00e9rablement le march\u00e9. Extr\u00eamement prosp\u00e8re, l&rsquo;entreprise ne connut qu&rsquo;un seul v\u00e9ritable concurrent : la maison Durand-Ruel.<\/p>\n<p>[\/et_pb_text][\/et_pb_column][et_pb_column type=\u00a0\u00bb1_3&Prime; _builder_version=\u00a0\u00bb4.9.4&Prime; _module_preset=\u00a0\u00bbdefault\u00a0\u00bb][et_pb_image src=\u00a0\u00bbhttps:\/\/vangoghparis.com\/wp-content\/uploads\/2021\/07\/Capture-de\u0301cran-2021-07-13-a\u0300-09.59.13-1.png\u00a0\u00bb alt=\u00a0\u00bbportrait of Vincent van Gogh, the painter&rsquo;s uncle\u00a0\u00bb title_text=\u00a0\u00bbportrait of Vincent van Gogh, the painter&rsquo;s uncle\u00a0\u00bb _builder_version=\u00a0\u00bb4.9.4&Prime; _module_preset=\u00a0\u00bbd23df726-6c95-49e0-a497-d214f00afbb1&Prime;][\/et_pb_image][et_pb_text _builder_version=\u00a0\u00bb4.9.4&Prime; _module_preset=\u00a0\u00bbdefault\u00a0\u00bb max_width=\u00a0\u00bb60%\u00a0\u00bb module_alignment=\u00a0\u00bbcenter\u00a0\u00bb max_height=\u00a0\u00bb1000px\u00a0\u00bb custom_margin=\u00a0\u00bb0px||0px||true|false\u00a0\u00bb]<\/p>\n<h3 style=\"text-align: center;\">Vincent van Gogh, marchand d&rsquo;art (1820-1888)<\/h3>\n<p>[\/et_pb_text][\/et_pb_column][\/et_pb_row][et_pb_row column_structure=\u00a0\u00bb1_3,1_3,1_3&Prime; _builder_version=\u00a0\u00bb4.9.4&Prime; _module_preset=\u00a0\u00bbdefault\u00a0\u00bb][et_pb_column type=\u00a0\u00bb1_3&Prime; _builder_version=\u00a0\u00bb4.9.4&Prime; _module_preset=\u00a0\u00bbdefault\u00a0\u00bb][et_pb_text _builder_version=\u00a0\u00bb4.9.4&Prime; _module_preset=\u00a0\u00bbdefault\u00a0\u00bb custom_padding=\u00a0\u00bb10px|10px|10px|10px|true|true\u00a0\u00bb border_radii=\u00a0\u00bbon|4px|4px|4px|4px\u00a0\u00bb box_shadow_style=\u00a0\u00bbpreset1&Prime;]<\/p>\n<p>En 1861, Goupil &amp; Cie fut rejointe par Vincent van Gogh, l&rsquo;oncle du c\u00e9l\u00e8bre peintre. Sur sa recommandation, le jeune Vincent put entamer une carri\u00e8re dans le commerce de l&rsquo;art \u00e0 16 ans, en 1869, dans la succursale de La Haye aux Pays-Bas. Le jeune homme y resta sept ans avant de quitter l&rsquo;entreprise pour tenter de devenir pasteur \u2013 avant de choisir un destin d&rsquo;artiste vers 1880.<\/p>\n<p>En 1884, les gendres d&rsquo;Adolphe Goupil prirent la succession de la firme, qui changea de nom et devint <em>Boussod, Valadon &amp; Cie<\/em>.Dans l&rsquo;intervalle, Theo van Gogh, le jeune fr\u00e8re de Vincent, s&rsquo;\u00e9tait hiss\u00e9 \u00e0 la t\u00eate de la succursale moderne du boulevard Montmartre.<\/p>\n<p>[\/et_pb_text][\/et_pb_column][et_pb_column type=\u00a0\u00bb1_3&Prime; _builder_version=\u00a0\u00bb4.9.4&Prime; _module_preset=\u00a0\u00bbdefault\u00a0\u00bb][et_pb_image src=\u00a0\u00bbhttps:\/\/vangoghparis.com\/wp-content\/uploads\/2021\/07\/Portret-de-Theo-van-Gogh-scaled-1.jpg\u00a0\u00bb title_text=\u00a0\u00bbPortret de Theo van Gogh\u00a0\u00bb _builder_version=\u00a0\u00bb4.9.4&Prime; _module_preset=\u00a0\u00bbdefault\u00a0\u00bb][\/et_pb_image][et_pb_text _builder_version=\u00a0\u00bb4.9.4&Prime; _module_preset=\u00a0\u00bbdefault\u00a0\u00bb]<\/p>\n<h3 style=\"text-align: center;\">Theo van Gogh (1857-1891), marchand d&rsquo;art<\/h3>\n<p>[\/et_pb_text][\/et_pb_column][et_pb_column type=\u00a0\u00bb1_3&Prime; _builder_version=\u00a0\u00bb4.9.4&Prime; _module_preset=\u00a0\u00bbdefault\u00a0\u00bb][et_pb_text _builder_version=\u00a0\u00bb4.9.4&Prime; _module_preset=\u00a0\u00bbdefault\u00a0\u00bb custom_padding=\u00a0\u00bb10px|10px|10px|10px|true|true\u00a0\u00bb border_radii=\u00a0\u00bbon|4px|4px|4px|4px\u00a0\u00bb box_shadow_style=\u00a0\u00bbpreset1&Prime;]<\/p>\n<p>\u00c0 partir de 1886, Theo se sentit de moins en moins \u00e0 l&rsquo;aise dans l&rsquo;entreprise et forma des projets d&rsquo;\u00e9tablissement \u00e0 son propre compte. Son fr\u00e8re Vincent, qu&rsquo;il soutenait sur le plan financier, l&rsquo;encourageait dans cette voie.<\/p>\n<p>En 1890, Theo pr\u00e9senta un ultimatum \u00e0 MM. Boussod et Valadon, en mena\u00e7ant de quitter la galerie s&rsquo;il n&rsquo;obtenait pas de meilleures conditions de travail et de r\u00e9mun\u00e9ration. Sa d\u00e9marche fut ignor\u00e9e. Il s&rsquo;en accommoda, sans abandonner ses r\u00eaves d&rsquo;ind\u00e9pendance.<\/p>\n<p>Le d\u00e9c\u00e8s tragique de Vincent le 29 juillet 1890 mit un terme brutal aux\u00a0 projets de Theo, et \u00e0 peine trois mois plus tard, il fut rattrap\u00e9 par la syphilis, qu&rsquo;il trainait depuis de longues ann\u00e9es. Il perdit la raison au mois d&rsquo;octobre et mourut en janvier 1891.<\/p>\n<p class=\"p1\">\n<p>[\/et_pb_text][\/et_pb_column][\/et_pb_row][et_pb_row column_structure=\u00a0\u00bb1_2,1_2&Prime; _builder_version=\u00a0\u00bb4.9.4&Prime; _module_preset=\u00a0\u00bbdefault\u00a0\u00bb background_color=\u00a0\u00bb#4f0000&Prime; width=\u00a0\u00bb100%\u00a0\u00bb max_width=\u00a0\u00bb1800px\u00a0\u00bb][et_pb_column type=\u00a0\u00bb1_2&Prime; _builder_version=\u00a0\u00bb4.9.4&Prime; _module_preset=\u00a0\u00bbdefault\u00a0\u00bb][et_pb_text _builder_version=\u00a0\u00bb4.9.4&Prime; _module_preset=\u00a0\u00bbdefault\u00a0\u00bb width=\u00a0\u00bb90%\u00a0\u00bb module_alignment=\u00a0\u00bbcenter\u00a0\u00bb custom_margin=\u00a0\u00bb0px||||false|false\u00a0\u00bb custom_padding=\u00a0\u00bb10px|10px|10px|10px|false|true\u00a0\u00bb border_radii=\u00a0\u00bbon|4px|4px|4px|4px\u00a0\u00bb box_shadow_style=\u00a0\u00bbpreset1&Prime;]<\/p>\n<p>Apr\u00e8s la mort de Theo, <em>Boussod, Valadon &amp; Cie<\/em> perdit progressivement sa dynamique novatrice et, au lieu de mener le march\u00e9, finit par le suivre \u2013 un virage strat\u00e9gique qui mena \u00e0 son d\u00e9clin.<\/p>\n<p>En 2021, Wouter van der Veen, historien d&rsquo;art et entrepreneur, refonda la maison Boussod, Valadon &amp; Cie et lui donna un nouveau nom, <em>Van Gogh &amp; Van Gogh<\/em>, en hommage \u00e0 Vincent et Theo. L&rsquo;expertise et la fine connaissances du march\u00e9 de l&rsquo;art des deux fr\u00e8res aurait certainement sauv\u00e9 l&rsquo;entreprise de son d\u00e9clin \u2013 s&rsquo;ils en avaient eu l&rsquo;opportunit\u00e9.<\/p>\n<p>Vincent &amp; Theo \u00e9taient de fervents d\u00e9fenseurs et soutiens des artistes vivants, en leur proposant notamment des revenus d\u00e9cents. Ils \u00e9taient attach\u00e9s \u00e0 la modestie, le travail et \u00e0 l&rsquo;id\u00e9e que l&rsquo;art pouvait \u00e9lever les \u00e2mes et la soci\u00e9t\u00e9. Nous continuons \u00e0 porter ces valeurs aujourd&rsquo;hui.<\/p>\n<p class=\"p1\">\n<p>[\/et_pb_text][\/et_pb_column][et_pb_column type=\u00a0\u00bb1_2&Prime; _builder_version=\u00a0\u00bb4.9.4&Prime; _module_preset=\u00a0\u00bbdefault\u00a0\u00bb custom_padding=\u00a0\u00bb0px||||false|false\u00a0\u00bb][et_pb_image src=\u00a0\u00bbhttps:\/\/vangoghparis.com\/wp-content\/uploads\/2021\/07\/20210525_Mail-CSS_Logo_VGVG_blkred_text-scaled-1.jpg\u00a0\u00bb title_text=\u00a0\u00bb20210525_Mail-CSS_Logo_VG&#038;VG_blk&#038;red_text\u00a0\u00bb align=\u00a0\u00bbcenter\u00a0\u00bb _builder_version=\u00a0\u00bb4.9.4&Prime; _module_preset=\u00a0\u00bbdefault\u00a0\u00bb width=\u00a0\u00bb90%\u00a0\u00bb module_alignment=\u00a0\u00bbcenter\u00a0\u00bb height=\u00a0\u00bb327px\u00a0\u00bb height_tablet=\u00a0\u00bb\u00a0\u00bb height_phone=\u00a0\u00bb188px\u00a0\u00bb height_last_edited=\u00a0\u00bbon|phone\u00a0\u00bb][\/et_pb_image][\/et_pb_column][\/et_pb_row][et_pb_row _builder_version=\u00a0\u00bb4.9.4&Prime; _module_preset=\u00a0\u00bbdefault\u00a0\u00bb][et_pb_column type=\u00a0\u00bb4_4&Prime; _builder_version=\u00a0\u00bb4.9.4&Prime; _module_preset=\u00a0\u00bbdefault\u00a0\u00bb][et_pb_image src=\u00a0\u00bbhttps:\/\/vangoghparis.com\/wp-content\/uploads\/2021\/07\/Self-portrait_with_Felt_Hat_by_Vincent_van_Gogh-scaled-4.jpg\u00a0\u00bb title_text=\u00a0\u00bbSelf-portrait_with_Felt_Hat_by_Vincent_van_Gogh\u00a0\u00bb _builder_version=\u00a0\u00bb4.9.4&Prime; _module_preset=\u00a0\u00bbdefault\u00a0\u00bb][\/et_pb_image][\/et_pb_column][\/et_pb_row][et_pb_row _builder_version=\u00a0\u00bb4.9.4&Prime; _module_preset=\u00a0\u00bbdefault\u00a0\u00bb][et_pb_column type=\u00a0\u00bb4_4&Prime; _builder_version=\u00a0\u00bb4.9.4&Prime; _module_preset=\u00a0\u00bbdefault\u00a0\u00bb][et_pb_text _builder_version=\u00a0\u00bb4.9.4&Prime; _module_preset=\u00a0\u00bbdefault\u00a0\u00bb]<\/p>\n<h2 style=\"text-align: center;\">Vincent van Gogh (1853-1890), marchand d&rsquo;art<\/h2>\n<p>[\/et_pb_text][\/et_pb_column][\/et_pb_row][\/et_pb_section]<\/p>\n","protected":false},"excerpt":{"rendered":"<p>Notre HistoireAdolphe Goupil, marchand d&rsquo;art (1806-1893)En 1827, Adolphe Goupil fonda une entreprise qui porta son nom et conquit une r\u00e9putation internationale : Goupil &amp; Compagnie. Sous sa guidance inspir\u00e9e, la galerie ne se contenta pas de suivre le mod\u00e8le habituel du march\u00e9 de l&rsquo;art de son temps, mais se sp\u00e9cialisa dans l&rsquo;\u00e9dition d&rsquo;estampes en utilisant [&hellip;]<\/p>\n","protected":false},"author":1,"featured_media":0,"parent":0,"menu_order":0,"comment_status":"closed","ping_status":"closed","template":"","meta":{"_et_pb_use_builder":"on","_et_pb_old_content":"","_et_gb_content_width":"","footnotes":""},"class_list":["post-455","page","type-page","status-publish","hentry"],"_links":{"self":[{"href":"https:\/\/vangoghparis.com\/fr\/wp-json\/wp\/v2\/pages\/455","targetHints":{"allow":["GET"]}}],"collection":[{"href":"https:\/\/vangoghparis.com\/fr\/wp-json\/wp\/v2\/pages"}],"about":[{"href":"https:\/\/vangoghparis.com\/fr\/wp-json\/wp\/v2\/types\/page"}],"author":[{"embeddable":true,"href":"https:\/\/vangoghparis.com\/fr\/wp-json\/wp\/v2\/users\/1"}],"replies":[{"embeddable":true,"href":"https:\/\/vangoghparis.com\/fr\/wp-json\/wp\/v2\/comments?post=455"}],"version-history":[{"count":3,"href":"https:\/\/vangoghparis.com\/fr\/wp-json\/wp\/v2\/pages\/455\/revisions"}],"predecessor-version":[{"id":585,"href":"https:\/\/vangoghparis.com\/fr\/wp-json\/wp\/v2\/pages\/455\/revisions\/585"}],"wp:attachment":[{"href":"https:\/\/vangoghparis.com\/fr\/wp-json\/wp\/v2\/media?parent=455"}],"curies":[{"name":"wp","href":"https:\/\/api.w.org\/{rel}","templated":true}]}}